{"id":65,"date":"2017-11-10T14:08:51","date_gmt":"2017-11-10T13:08:51","guid":{"rendered":"http:\/\/tag_link_site_url\/mesmerize\/"},"modified":"2023-05-31T13:42:28","modified_gmt":"2023-05-31T11:42:28","slug":"mesmerize","status":"publish","type":"page","link":"https:\/\/portside-estate.com\/","title":{"rendered":"Willkommen bei Portside Estate"},"content":{"rendered":"<div  id=\"overlappable-4\" style=\"background-color: rgb(245, 250, 253); background-image: none;\" data-label=\"Overlappable\" data-id=\"overlappable-4\" data-export-id=\"overlappable-4\" data-category=\"overlappable\" class=\"overlappable-4 content-section content-section-spacing\" data-overlap=\"true\">\n<div  class=\"gridContainer\">\n<div  data-type=\"row\" class=\"row spaced-cols text-center\">\n<div  class=\"col-xs-12 col-sm-4 col-padding col-md-4 \">\n\n<i  class=\"fa icon shadow-large-black aligncenter fa-euro reverse round large color1\"> <\/i>\n<div  data-type=\"column\" class=\"\">\n<h5  class=\"\">BEWERTUNG<\/h5>\n<p  class=\"\">Wir bewerten Ihre Immobilie schnell und zuverl\u00e4ssig. Verlassen Sie sich auf unsere langj\u00e4hrige Erfahrung<\/p>\n\n<\/div>\n<\/div>\n<div  class=\"col-xs-12 col-sm-4 col-padding col-md-4 \">\n\n<i  class=\"fa icon shadow-large-black aligncenter fa-chain reverse round large color1\"> <\/i>\n<div  data-type=\"column\" class=\"\">\n<h5  class=\"\">VERMITTLUNG<\/h5>\n<p  class=\"\">Unsere Kunden suchen und finden mit uns Eigentumswohnungen, Ein- und Mehrfamilienh\u00e4user, Baugrundst\u00fccke und vieles mehr<\/p>\n\n<\/div>\n<\/div>\n<div  class=\"col-xs-12 col-sm-4 col-padding col-md-4 \">\n\n<i  class=\"fa icon shadow-large-black aligncenter fa-handshake-o reverse round large color1\"> <\/i>\n<div  data-type=\"column\" class=\"\">\n<h5  class=\"\">CONSULTING<\/h5>\n<p  class=\"\">Wir beraten Sie rund um Kauf, Verkauf, Sanierung oder Neubau von Immobilien<\/p>\n\n<\/div>\n<\/div>\n<\/div>\n<\/div>\n<\/div><div  data-label=\"About\" data-id=\"about--1\" data-export-id=\"about-4\" data-category=\"about\" class=\"about-4 content-section content-section-spacing\" id=\"about-1\" style=\"background-color: rgb(255, 255, 255);\"><div  class=\"gridContainer\"> <div  class=\"row middle-sm text-center\"><div  class=\"col-sm-5 space-bottom-xs\" data-type=\"column\"> <h5  class=\"\">Portside Estate<\/h5> <h2  class=\"\">Wir sprechen die Sprache der Immobilienwelt.<\/h2> <p  class=\"\">Auf Deutsch, Englisch, Spanisch und Franz\u00f6sisch.\n<\/p> <\/div> <div  class=\"col-sm-7 flexbox center-xs middle-xs image-group-2-img\"> <img  decoding=\"async\" class=\"img-1 shadow-large\" data-size=\"250x200\" src=\"https:\/\/portside-estate.com\/wp-content\/uploads\/2019\/10\/cropped-IMG_6528.jpg\" alt=\"\" title=\"cropped-IMG_6528.jpg\"> <img  decoding=\"async\" class=\"img-2 shadow-large\" data-size=\"220x170\" src=\"https:\/\/portside-estate.com\/wp-content\/uploads\/2019\/10\/cropped-IMG_6527.jpg\" alt=\"\" title=\"cropped-IMG_6527.jpg\"><\/div> <\/div><\/div> <\/div><div  data-label=\"Portfolio\" data-id=\"portfolio--1\" data-export-id=\"portfolio-5\" data-category=\"portfolio\" class=\"portfolio-5 content-section content-section-spacing\" id=\"portfolio-1\" style=\"background-color: rgb(255, 255, 255);\">\n<div  class=\"gridContainer\">\n<div  class=\"row text-center\">\n<div  class=\"section-title-col\" data-type=\"column\">\n<h2  class=\"\">Portfolio<\/h2>\n<p  class=\"lead\">Kontaktieren Sie uns gern f\u00fcr aktuelle Angebote. Wir finden Ihre Wunsch-Immobilie!<\/p>\n\n<\/div>\n<\/div>\n<div  class=\"row space-bottom spaced-cols center-sm\" data-type=\"row\">\n\n\n<div  class=\"col-xs-12 col-sm-4 text-center\">\n<div  class=\"card no-padding bordered\">\n<div  data-hover-fx=\"portfolio-6\" class=\"contentswap-effect\">\n<div  class=\"initial-image\"> <img  decoding=\"async\" data-size=\"500x333\" src=\"https:\/\/portside-estate.com\/wp-content\/uploads\/2019\/10\/cropped-IMG_6527-2.jpg\"><\/div>\n<div  class=\"overlay bg-color6\"><\/div>\n<div  class=\"swap-inner col-xs-12\">\n<div  class=\"row full-height-row middle-xs middle-sm\">\n<div  class=\"col-xs-12 text-center content-holder\"> <a class=\"button color-white dark-text\" href=\"https:\/\/portside-estate.com?page_id=393\" target=\"_self\" data-cp-link=\"1\" rel=\"noopener noreferrer\" data-icon=\"\">AUF ANFRAGE<\/a><\/div>\n<\/div>\n<\/div>\n<\/div>\n<div  class=\"col-xs-12\">\n<div  class=\"space-bottom space-top\" data-type=\"column\">\n<h5  class=\"\">Neu: Baugrundst\u00fcck f\u00fcr ETW\u00b4s<\/h5>\n<p  class=\"small italic\">Stadt Brandenburg Havel, Baugrundst\u00fcck mit Baugenehmigung<\/p>\n\n<\/div>\n<\/div>\n<\/div>\n<\/div>\n<\/div>\n<div  class=\"row\">\n<div  data-type=\"column\" class=\"col-xs-12 text-center\"> <\/div>\n<\/div>\n<\/div>\n<\/div><div  data-label=\"Ansprechpartner\" data-id=\"team--1\" data-export-id=\"team-2\" data-category=\"team\" class=\"team-2 content-section content-section-spacing content-relative section-title-col-\" id=\"ansprechpartner\" style=\"background-color: rgb(199, 226, 239); background-image: none;\"><div  class=\"section-separator-top\">\n    <svg  class=\"section-separator-top\" data-separator-name=\"triangle-asymmetrical-negative\" preserveAspectRatio=\"none\" viewBox=\"0 0 1000 100\" xmlns=\"http:\/\/www.w3.org\/2000\/svg\">\n        <path  class=\"svg-white-bg\" d=\"M737.9,94.7L0,0v100h1000V0L737.9,94.7z\"><\/path>\n    <\/svg>\n<\/div>\n<div  class=\"gridContainer\"><div  data-section-title-area=\"true\" class=\"row text-center\">   <div  class=\"section-title-col\" data-type=\"column\">       <h2  class=\"\">Ansprechpartner<\/h2>          <\/div><\/div>\n\n<div  class=\"row spaced-cols content-center-sm center-sm\" data-type=\"row\">\n<div  class=\"col-sm-6 col-md-4 \">\n<div  class=\"card y-move no-padding bordered\"> <a data-cp-link=\"1\" href=\"#\" target=\"_self\" rel=\"noopener noreferrer\"><img  decoding=\"async\" class=\"face\" src=\"https:\/\/portside-estate.com\/wp-content\/uploads\/2021\/03\/IMG_5038-scaled.jpeg\"><\/a>\n<div  data-type=\"column\" class=\"col-padding-small col-padding-small-xs description-container\">\n<h4  class=\"font-500\">Meinhard Gottschalk<\/h4><p  class=\"small\" style=\"font-style: italic;\">Gesch\u00e4ftsf\u00fchrer<\/p>\n\nPortside Estate GmbH\n<div  class=\"social-icons-group\" data-type=\"group\"> <a href=\"#\" target=\"_self\" data-reiki-hidden=\"true\" rel=\"noopener noreferrer\"><i  class=\"gray fa icon fa-address-card-o\"><\/i><\/a> <a href=\"#\" target=\"_self\" data-reiki-hidden=\"true\" rel=\"noopener noreferrer\"><i  class=\"gray fa icon fa-phone-square\"><\/i><\/a> <a href=\"#\" target=\"_self\" data-reiki-hidden=\"true\" rel=\"noopener noreferrer\"><i  class=\"gray fa icon fa-linkedin-square\"><\/i><\/a> <a href=\"#\" target=\"_self\" data-reiki-hidden=\"true\" rel=\"noopener noreferrer\"><i  class=\"gray fa icon fa-google-plus-square\"><\/i><\/a><\/div>\n<\/div>\n<\/div>\n<\/div>\n<div  class=\"col-sm-6 col-md-4 \">\n<div  class=\"card y-move no-padding bordered\"> <a data-cp-link=\"1\" href=\"#\" target=\"_self\" rel=\"noopener noreferrer\"><img  decoding=\"async\" class=\"face\" src=\"https:\/\/portside-estate.com\/wp-content\/uploads\/2019\/10\/cropped-logo_final1-2.png\"><\/a>\n<div  data-type=\"column\" class=\"col-padding-small col-padding-small-xs description-container\">\n<h4  class=\"font-500\">Dietmar Gottschalk<\/h4>\n<p  class=\"small\" style=\"font-style: italic;\">Architekt, Projektmanager\n<\/p>\nPortside Estate GmbH\n<div  class=\"social-icons-group\" data-type=\"group\"> <a href=\"#\" target=\"_self\" data-reiki-hidden=\"true\" rel=\"noopener noreferrer\"><i  class=\"gray fa icon fa-address-card-o\"><\/i><\/a> <a href=\"#\" target=\"_self\" data-reiki-hidden=\"true\" rel=\"noopener noreferrer\"><i  class=\"gray fa icon fa-phone-square\"><\/i><\/a> <a href=\"#\" target=\"_self\" data-reiki-hidden=\"true\" rel=\"noopener noreferrer\"><i  class=\"gray fa icon fa-linkedin-square\"><\/i><\/a> <a href=\"#\" target=\"_self\" data-reiki-hidden=\"true\" rel=\"noopener noreferrer\"><i  class=\"gray fa icon fa-google-plus-square\"><\/i><\/a><\/div>\n<p  class=\"\">\n<\/p><\/div>\n<\/div>\n<\/div><div  class=\"col-sm-6 col-md-4\">\n<div  class=\"card y-move no-padding bordered\"> <a data-cp-link=\"1\" href=\"#\" target=\"_self\" rel=\"noopener noreferrer\"><img  decoding=\"async\" class=\"face\" src=\"https:\/\/portside-estate.com\/wp-content\/uploads\/2023\/05\/cropped-IMG_6669-scaled-1.jpeg\"><\/a>\n<div  data-type=\"column\" class=\"col-padding-small col-padding-small-xs description-container\">\n<h4  class=\"font-500\">auch bei Problemf\u00e4llen<\/h4><p  class=\"small\" style=\"font-style: italic;\">sind wir f\u00fcr Sie da&#8230;<\/p>\n\nPortside Estate GmbH\n<div  class=\"social-icons-group\" data-type=\"group\"> <a href=\"#\" target=\"_self\" data-reiki-hidden=\"true\" rel=\"noopener noreferrer\"><i  class=\"gray fa icon fa-address-card-o\"><\/i><\/a> <a href=\"#\" target=\"_self\" data-reiki-hidden=\"true\" rel=\"noopener noreferrer\"><i  class=\"gray fa icon fa-phone-square\"><\/i><\/a> <a href=\"#\" target=\"_self\" data-reiki-hidden=\"true\" rel=\"noopener noreferrer\"><i  class=\"gray fa icon fa-linkedin-square\"><\/i><\/a> <a href=\"#\" target=\"_self\" data-reiki-hidden=\"true\" rel=\"noopener noreferrer\"><i  class=\"gray fa icon fa-google-plus-square\"><\/i><\/a><\/div>\n<\/div>\n<\/div>\n<\/div><\/div>\n<\/div>\n<div  class=\"section-separator-bottom\">\n    <svg  class=\"section-separator-bottom\" data-separator-name=\"triangle-asymmetrical-negative\" preserveAspectRatio=\"none\" viewBox=\"0 0 1000 100\" xmlns=\"http:\/\/www.w3.org\/2000\/svg\">\n        <path  class=\"svg-white-bg\" d=\"M737.9,94.7L0,0v100h1000V0L737.9,94.7z\"><\/path>\n    <\/svg>\n<\/div><\/div>","protected":false},"excerpt":{"rendered":"<p>BEWERTUNG Wir bewerten Ihre Immobilie schnell und zuverl\u00e4ssig. Verlassen Sie sich auf unsere langj\u00e4hrige Erfahrung VERMITTLUNG Unsere Kunden suchen und finden mit uns Eigentumswohnungen, Ein- und Mehrfamilienh\u00e4user, Baugrundst\u00fccke und vieles mehr CONSULTING Wir beraten Sie rund um Kauf, Verkauf, Sanierung oder Neubau von Immobilien Portside Estate Wir sprechen die Sprache der Immobilienwelt. Auf Deutsch, Englisch,&hellip; <br \/> <a class=\"read-more\" href=\"https:\/\/portside-estate.com\/\">Weiterlesen<\/a><\/p>\n","protected":false},"author":1,"featured_media":0,"parent":0,"menu_order":0,"comment_status":"closed","ping_status":"closed","template":"page-templates\/homepage.php","meta":[],"_links":{"self":[{"href":"https:\/\/portside-estate.com\/index.php?rest_route=\/wp\/v2\/pages\/65"}],"collection":[{"href":"https:\/\/portside-estate.com\/index.php?rest_route=\/wp\/v2\/pages"}],"about":[{"href":"https:\/\/portside-estate.com\/index.php?rest_route=\/wp\/v2\/types\/page"}],"author":[{"embeddable":true,"href":"https:\/\/portside-estate.com\/index.php?rest_route=\/wp\/v2\/users\/1"}],"replies":[{"embeddable":true,"href":"https:\/\/portside-estate.com\/index.php?rest_route=%2Fwp%2Fv2%2Fcomments&post=65"}],"version-history":[{"count":78,"href":"https:\/\/portside-estate.com\/index.php?rest_route=\/wp\/v2\/pages\/65\/revisions"}],"predecessor-version":[{"id":797,"href":"https:\/\/portside-estate.com\/index.php?rest_route=\/wp\/v2\/pages\/65\/revisions\/797"}],"wp:attachment":[{"href":"https:\/\/portside-estate.com\/index.php?rest_route=%2Fwp%2Fv2%2Fmedia&parent=65"}],"curies":[{"name":"wp","href":"https:\/\/api.w.org\/{rel}","templated":true}]}}