{"id":458,"date":"2019-09-10T10:50:13","date_gmt":"2019-09-10T08:50:13","guid":{"rendered":"http:\/\/portside-estate.com\/?page_id=458"},"modified":"2021-03-04T16:10:43","modified_gmt":"2021-03-04T15:10:43","slug":"consulting","status":"publish","type":"page","link":"https:\/\/portside-estate.com\/?page_id=458","title":{"rendered":"Leistungen"},"content":{"rendered":"<div  data-label=\"Overlappable\" data-id=\"overlappable--1\" data-export-id=\"overlappable-2\" data-category=\"overlappable\" class=\"overlappable-2 content-section content-section-spacing\" data-overlap=\"true\" id=\"overlappable-1\" style=\"background-color: rgb(255, 255, 255);\"><div  class=\"gridContainer\"> <div  class=\"row middle-sm shadow-medium bg-color-white\"><div  class=\"col-xs-12 col-sm-4 top-sm col-padding col-padding-xs\" data-type=\"column\"> <h3  class=\"font-300\">Buying or selling?<\/h3> <p  class=\"\">\u201eKaufen Sie Land, es wird nicht mehr nachproduziert.\u201c&nbsp;\u2013 Mark Twain<\/p> <\/div> <div  class=\"col-xs-12 col-sm-8\"><div  data-type=\"row\" class=\"row\"> <div  class=\"col-xs-12 col-sm-6 col-padding col-padding-small-xs\"><i  class=\"fa icon fa-map-marker bordered round color1\"><\/i> <h5  class=\"\">Wohntr\u00e4ume werden Wirklichkeit<\/h5> <p  class=\"\">Wenden Sie sich mit Ihren W\u00fcnschen f\u00fcr eine besondere Immobilie an uns. Wir finden sie f\u00fcr Sie. Vom Loft in der Stadt bis zum eleganten Anwesen auf dem Land.<\/p><\/div> <div  class=\"col-xs-12 col-sm-6 col-padding col-padding-small-xs\"><i  class=\"fa icon fa-dashboard bordered round color1\"><\/i> <h5  class=\"\">Business <span  style=\"font-style: italic;\">not<\/span>&nbsp;as usual<\/h5> <p  class=\"\">Vielf\u00e4ltige Investitionsm\u00f6glichkeiten: Wir vermitteln erfolgreich Grundst\u00fccke, Hallen, Gesch\u00e4ftsr\u00e4ume, Ladenfl\u00e4chen und Betriebsverm\u00f6gen. Regional und bundesweit.<\/p><\/div> <div  class=\"col-xs-12 col-sm-6 col-padding col-padding-small-xs\"><i  class=\"fa icon fa-dollar bordered round color1\"><\/i> <h5  class=\"\">Sie m\u00f6chten verkaufen?<\/h5> <p  class=\"\">F\u00fcr unsere internationalen Klienten suchen wir st\u00e4ndig Objekte in allen Gr\u00f6\u00dfen und vermitteln erfolgreich einen K\u00e4ufer.<\/p><\/div> <div  class=\"col-xs-12 col-sm-6 col-padding col-padding-small-xs\"> <i  class=\"fa icon fa-comments-o bordered round color1\"><\/i>  <h5  class=\"\">Hablamos espanol!<\/h5><p  class=\"\">Wir sind spezialisiert auf Immobilien-Angebote in Spanien (inkl. Balearen und Kanarische Inseln). Profitieren Sie von unseren Kenntnissen rund um den spanischen Markt.<\/p><\/div> <\/div><\/div> <\/div><\/div> <\/div>","protected":false},"excerpt":{"rendered":"<p>Buying or selling? \u201eKaufen Sie Land, es wird nicht mehr nachproduziert.\u201c&nbsp;\u2013 Mark Twain Wohntr\u00e4ume werden Wirklichkeit Wenden Sie sich mit Ihren W\u00fcnschen f\u00fcr eine besondere Immobilie an uns. Wir finden sie f\u00fcr Sie. Vom Loft in der Stadt bis zum eleganten Anwesen auf dem Land. Business not&nbsp;as usual Vielf\u00e4ltige Investitionsm\u00f6glichkeiten: Wir vermitteln erfolgreich Grundst\u00fccke, Hallen,&hellip; <br \/> <a class=\"read-more\" href=\"https:\/\/portside-estate.com\/?page_id=458\">Weiterlesen<\/a><\/p>\n","protected":false},"author":1,"featured_media":0,"parent":65,"menu_order":0,"comment_status":"closed","ping_status":"closed","template":"pro\/page-templates\/full-width-page.php","meta":[],"_links":{"self":[{"href":"https:\/\/portside-estate.com\/index.php?rest_route=\/wp\/v2\/pages\/458"}],"collection":[{"href":"https:\/\/portside-estate.com\/index.php?rest_route=\/wp\/v2\/pages"}],"about":[{"href":"https:\/\/portside-estate.com\/index.php?rest_route=\/wp\/v2\/types\/page"}],"author":[{"embeddable":true,"href":"https:\/\/portside-estate.com\/index.php?rest_route=\/wp\/v2\/users\/1"}],"replies":[{"embeddable":true,"href":"https:\/\/portside-estate.com\/index.php?rest_route=%2Fwp%2Fv2%2Fcomments&post=458"}],"version-history":[{"count":10,"href":"https:\/\/portside-estate.com\/index.php?rest_route=\/wp\/v2\/pages\/458\/revisions"}],"predecessor-version":[{"id":635,"href":"https:\/\/portside-estate.com\/index.php?rest_route=\/wp\/v2\/pages\/458\/revisions\/635"}],"up":[{"embeddable":true,"href":"https:\/\/portside-estate.com\/index.php?rest_route=\/wp\/v2\/pages\/65"}],"wp:attachment":[{"href":"https:\/\/portside-estate.com\/index.php?rest_route=%2Fwp%2Fv2%2Fmedia&parent=458"}],"curies":[{"name":"wp","href":"https:\/\/api.w.org\/{rel}","templated":true}]}}